{"id":729,"date":"2023-11-21T20:54:46","date_gmt":"2023-11-21T20:54:46","guid":{"rendered":"https:\/\/deluxehorsemarket.com\/?page_id=729"},"modified":"2024-08-29T22:18:47","modified_gmt":"2024-08-29T22:18:47","slug":"about-us","status":"publish","type":"page","link":"https:\/\/deluxehorsemarket.com\/en\/about-us\/","title":{"rendered":"We"},"content":{"rendered":"<div data-elementor-type=\"wp-page\" data-elementor-id=\"729\" class=\"elementor elementor-729\" data-elementor-post-type=\"page\">\n\t\t\t\t\t\t<section class=\"elementor-section elementor-top-section elementor-element elementor-element-7feacd1 elementor-section-full_width elementor-section-stretched elementor-section-height-default elementor-section-height-default\" data-id=\"7feacd1\" data-element_type=\"section\" data-settings=\"{&quot;stretch_section&quot;:&quot;section-stretched&quot;}\">\n\t\t\t\t\t\t<div class=\"elementor-container elementor-column-gap-no\">\n\t\t\t\t\t<div class=\"elementor-column elementor-col-100 elementor-top-column elementor-element elementor-element-547af2b\" data-id=\"547af2b\" data-element_type=\"column\">\n\t\t\t<div class=\"elementor-widget-wrap elementor-element-populated\">\n\t\t\t\t\t\t<div class=\"elementor-element elementor-element-1183a27 elementor-widget elementor-widget-horso-slider-two\" data-id=\"1183a27\" data-element_type=\"widget\" data-widget_type=\"horso-slider-two.default\">\n\t\t\t\t<div class=\"elementor-widget-container\">\n\t\t\t\t\t\t\t<script>\r\n\t\t\tjQuery(document).ready(function($) {\r\n\t\t\t\t \"use strict\";\r\n\t\t\t\tfunction mainSlider() {\r\n\t\t\t        var BasicSlider = $('.slider-active');\r\n\t\t\t        BasicSlider.on('init', function (e, slick) {\r\n\t\t\t            var $firstAnimatingElements = $('.single-slider:first-child').find('[data-animation]');\r\n\t\t\t            doAnimations($firstAnimatingElements);\r\n\t\t\t        });\r\n\t\t\t        BasicSlider.on('beforeChange', function (e, slick, currentSlide, nextSlide) {\r\n\t\t\t            var $animatingElements = $('.single-slider[data-slick-index=\"' + nextSlide + '\"]').find('[data-animation]');\r\n\t\t\t            doAnimations($animatingElements);\r\n\t\t\t        });\r\n\t\t\t        BasicSlider.slick({\r\n\t\t\t            autoplay: true,\r\n\t\t\t            autoplaySpeed: 8000,\r\n\t\t\t            dots: false,\r\n\t\t\t            fade: true,\r\n\t\t\t            arrows: true,\r\n\t\t\t            prevArrow: '<span class=\"prev\"><i class=\"flaticon-left-arrow\"><\/i><\/span>',\r\n\t\t\t            nextArrow: '<span class=\"next\"><i class=\"flaticon-right-arrow\"><\/i><\/span>',\r\n\t\t\t            responsive: [\r\n\t\t\t                {\r\n\t\t\t                    breakpoint: 767,\r\n\t\t\t                    settings: {\r\n\t\t\t                        arrows: false\r\n\t\t\t                    }\r\n\t\t\t                }\r\n\t\t\t            ]\r\n\t\t\t        });\r\n\r\n\t\t\t        function doAnimations(elements) {\r\n\t\t\t            var animationEndEvents = 'webkitAnimationEnd mozAnimationEnd MSAnimationEnd oanimationend animationend';\r\n\t\t\t            elements.each(function () {\r\n\t\t\t                var $this = $(this);\r\n\t\t\t                var $animationDelay = $this.data('delay');\r\n\t\t\t                var $animationType = 'animated ' + $this.data('animation');\r\n\t\t\t                $this.css({\r\n\t\t\t                    'animation-delay': $animationDelay,\r\n\t\t\t                    '-webkit-animation-delay': $animationDelay\r\n\t\t\t                });\r\n\t\t\t                $this.addClass($animationType).one(animationEndEvents, function () {\r\n\t\t\t                    $this.removeClass($animationType);\r\n\t\t\t                });\r\n\t\t\t            });\r\n\t\t\t        }\r\n\t\t\t    }\r\n\t\t\t    mainSlider();\r\n\t\t\t});\r\n\t\t\t<\/script>\r\n\t\t\t<script>\r\n\t\t\t\tjQuery(document).ready(function($) {\r\n\t\t\t\t\t \"use strict\";\r\n\t\t\t\t\t$('.slider-video').magnificPopup({\r\n\t\t\t\t\t\tdisableOn: 700,\r\n\t\t\t\t\t\ttype: 'iframe',\r\n\t\t\t\t\t\tmainClass: 'mfp-fade',\r\n\t\t\t\t\t\tremovalDelay: 160,\r\n\t\t\t\t\t\tpreloader: false,\r\n\r\n\t\t\t\t\t\tfixedContentPos: false\r\n\t\t\t\t\t});\r\n\t\t\t\t});\r\n\t\t\t<\/script>\r\n\t\t <div class=\"slider-area slider-active\">\r\n\t\t\t \r\n\r\n\t        <div class=\"single-slider\">\r\n\t\t\t<div class=\"image-layout\" style=\"background-image:url( https:\/\/deluxehorsemarket.com\/wp-content\/uploads\/2021\/10\/slider-2-1.jpg )\"><\/div>\r\n\t            <div class=\"container\">\r\n\t                <div class=\"justify-content-center row\">\r\n\t                    <div class=\"col-lg-8 mr-auto\">\r\n\t                        <div class=\"slider-content text-left\">\r\n\t                            <div class=\"sub-title\" data-animation=\"none\" data-delay=\"1s\"><p><span style=\"color: #6c7654\">WE<\/span><\/p><\/div>\r\n\t                            <div class=\"slider-dec\" data-animation=\"none\" data-delay=\"1s\"><\/div>\r\n\t                            <div class=\"horso-slider2-btnss\">\r\n\t\t\t\t\t\t\t\t\t<a class=\"blob-btn\" href=\"\" data-animation=\"none\" data-delay=\"1s\"><i class=\"flaticon-right-arrow\"><\/i>\r\n\t\t\t\t\t\t\t\t\t\t<span class=\"blob-btn__inner\">\r\n\t\t\t\t\t\t\t\t\t\t\t<span class=\"blob-btn__blobs\">\r\n\t\t\t\t\t\t\t\t\t\t\t\t<span class=\"blob-btn__blob\"><\/span>\r\n\t\t\t\t\t\t\t\t\t\t\t\t<span class=\"blob-btn__blob\"><\/span>\r\n\t\t\t\t\t\t\t\t\t\t\t\t<span class=\"blob-btn__blob\"><\/span>\r\n\t\t\t\t\t\t\t\t\t\t\t\t<span class=\"blob-btn__blob\"><\/span>\r\n\t\t\t\t\t\t\t\t\t\t\t<\/span>\r\n\t\t\t\t\t\t\t\t\t\t<\/span>\r\n\t\t\t\t\t\t\t\t\t<\/a>\r\n\t                            \t \t                            <\/div>\r\n\t                        <\/div>\r\n\t                    <\/div>\r\n\t                <\/div>\r\n\t            <\/div>\r\n\t        <\/div>\r\n\t\t\t \r\n\r\n\t        <div class=\"single-slider\">\r\n\t\t\t<div class=\"image-layout\" style=\"background-image:url( https:\/\/deluxehorsemarket.com\/wp-content\/uploads\/2021\/10\/slider-3.jpg )\"><\/div>\r\n\t            <div class=\"container\">\r\n\t                <div class=\"justify-content-center row\">\r\n\t                    <div class=\"col-lg-8 mr-auto\">\r\n\t                        <div class=\"slider-content text-left\">\r\n\t                            <div class=\"sub-title\" data-animation=\"none\" data-delay=\"1s\"><p><span style=\"color: #6c7655\">WE<\/span><\/p><\/div>\r\n\t                            <div class=\"slider-dec\" data-animation=\"none\" data-delay=\"1s\"><\/div>\r\n\t                            <div class=\"horso-slider2-btnss\">\r\n\t\t\t\t\t\t\t\t\t<a class=\"blob-btn\" href=\"\" data-animation=\"none\" data-delay=\"1s\"><i class=\"flaticon-right-arrow\"><\/i>\r\n\t\t\t\t\t\t\t\t\t\t<span class=\"blob-btn__inner\">\r\n\t\t\t\t\t\t\t\t\t\t\t<span class=\"blob-btn__blobs\">\r\n\t\t\t\t\t\t\t\t\t\t\t\t<span class=\"blob-btn__blob\"><\/span>\r\n\t\t\t\t\t\t\t\t\t\t\t\t<span class=\"blob-btn__blob\"><\/span>\r\n\t\t\t\t\t\t\t\t\t\t\t\t<span class=\"blob-btn__blob\"><\/span>\r\n\t\t\t\t\t\t\t\t\t\t\t\t<span class=\"blob-btn__blob\"><\/span>\r\n\t\t\t\t\t\t\t\t\t\t\t<\/span>\r\n\t\t\t\t\t\t\t\t\t\t<\/span>\r\n\t\t\t\t\t\t\t\t\t<\/a>\r\n\t                            \t \t                            <\/div>\r\n\t                        <\/div>\r\n\t                    <\/div>\r\n\t                <\/div>\r\n\t            <\/div>\r\n\t        <\/div>\r\n\t\t\t\t    <\/div>\r\n\t\t\t\t\t\t<\/div>\n\t\t\t\t<\/div>\n\t\t\t\t\t<\/div>\n\t\t<\/div>\n\t\t\t\t\t<\/div>\n\t\t<\/section>\n\t\t\t\t<section class=\"elementor-section elementor-top-section elementor-element elementor-element-4b5f2ed elementor-section-boxed elementor-section-height-default elementor-section-height-default\" data-id=\"4b5f2ed\" data-element_type=\"section\">\n\t\t\t\t\t\t<div class=\"elementor-container elementor-column-gap-default\">\n\t\t\t\t\t<div class=\"elementor-column elementor-col-50 elementor-top-column elementor-element elementor-element-e705ea6\" data-id=\"e705ea6\" data-element_type=\"column\">\n\t\t\t<div class=\"elementor-widget-wrap elementor-element-populated\">\n\t\t\t\t\t\t<div class=\"elementor-element elementor-element-2ae56b8 elementor-widget elementor-widget-video\" data-id=\"2ae56b8\" data-element_type=\"widget\" data-settings=\"{&quot;video_type&quot;:&quot;hosted&quot;,&quot;mute&quot;:&quot;yes&quot;,&quot;controls&quot;:&quot;yes&quot;}\" data-widget_type=\"video.default\">\n\t\t\t\t<div class=\"elementor-widget-container\">\n\t\t\t\t\t\t\t<div class=\"e-hosted-video elementor-wrapper elementor-open-inline\">\n\t\t\t\t\t<video class=\"elementor-video\" src=\"https:\/\/deluxehorsemarket.com\/wp-content\/uploads\/2023\/11\/caballos-ejemplares-hourse-4.mp4\" controls=\"\" preload=\"metadata\" muted=\"muted\" controlslist=\"nodownload\"><\/video>\n\t\t\t\t<\/div>\n\t\t\t\t\t\t<\/div>\n\t\t\t\t<\/div>\n\t\t\t\t\t<\/div>\n\t\t<\/div>\n\t\t\t\t<div class=\"elementor-column elementor-col-50 elementor-top-column elementor-element elementor-element-cee6ded\" data-id=\"cee6ded\" data-element_type=\"column\">\n\t\t\t<div class=\"elementor-widget-wrap elementor-element-populated\">\n\t\t\t\t<div class=\"elementor-element elementor-element-53e3d61 e-flex e-con-boxed e-con e-parent\" data-id=\"53e3d61\" data-element_type=\"container\">\n\t\t\t\t\t<div class=\"e-con-inner\">\n\t\t\t\t\t<\/div>\n\t\t\t\t<\/div>\n\t\t\t\t<div class=\"elementor-element elementor-element-5317db7 elementor-widget elementor-widget-horso-service\" data-id=\"5317db7\" data-element_type=\"widget\" data-widget_type=\"horso-service.default\">\n\t\t\t\t<div class=\"elementor-widget-container\">\n\t\t\t\t\t\t\t<div class=\"service-box style-three\">\r\n\t\t\t\t\t\t<div class=\"service-contents\">\r\n\t\t\t\t\t\t\t\t<div class=\"service-c-inner\">\r\n\t\t\t\t\t<div class=\"service-titles\">\r\n\t\t\t\t\t\t<h3>\r\n\t\t\t\t\t\t\t\t\t\t\t\t<div class=\"service-title-con\">\r\n\t\t\t\t\t\t\t<i class=\"\"><\/i>\r\n\t\t\t\t\t\t<\/div>\r\n\t\t\t\t\t\t\t\t\t\t\t\t\t<a href=\"\">Deluxe Horse Market<\/a>\r\n\t\t\t\t\t\t<\/h3>\r\n\t\t\t\t\t<\/div>\r\n\t\t\t\t\t<div class=\"service-dec\">\r\n\t\t\t\t\t<p>We are passionate about the connection between humans and horses. Specializing in the breeding, training and sale of exceptional horses, we offer high quality equines recognized for their beauty, temperament and abilities. We create lasting relationships by understanding the unique needs of each rider. Our state-of-the-art equine center ensures the welfare and optimal development of our horses. In addition to sales, we provide personalized training advice and ongoing support. Explore our catalog and choose equine excellence!<\/p>\n\t\t\t\t\t<\/div>\r\n\t\t\t\t<\/div>\r\n\t\t\t<\/div>\r\n\t\t<\/div>\r\n\t\t\t\t\t\t<\/div>\n\t\t\t\t<\/div>\n\t\t\t\t\t<\/div>\n\t\t<\/div>\n\t\t\t\t\t<\/div>\n\t\t<\/section>\n\t\t<div class=\"elementor-element elementor-element-190d5eee e-con-full e-flex e-con e-parent\" data-id=\"190d5eee\" data-element_type=\"container\" data-settings=\"{&quot;background_background&quot;:&quot;classic&quot;}\">\n\t\t<div class=\"elementor-element elementor-element-59c54f98 e-con-full e-flex e-con e-child\" data-id=\"59c54f98\" data-element_type=\"container\">\n\t\t\t\t<div class=\"elementor-element elementor-element-1f29e572 elementor-invisible elementor-widget elementor-widget-heading\" data-id=\"1f29e572\" data-element_type=\"widget\" data-settings=\"{&quot;_animation&quot;:&quot;fadeIn&quot;}\" data-widget_type=\"heading.default\">\n\t\t\t\t<div class=\"elementor-widget-container\">\n\t\t\t\t\t<h1 class=\"elementor-heading-title elementor-size-default\">vision<\/h1>\t\t\t\t<\/div>\n\t\t\t\t<\/div>\n\t\t\t\t<div class=\"elementor-element elementor-element-51f7f2b9 elementor-invisible elementor-widget elementor-widget-text-editor\" data-id=\"51f7f2b9\" data-element_type=\"widget\" data-settings=\"{&quot;_animation&quot;:&quot;fadeIn&quot;,&quot;_animation_delay&quot;:200}\" data-widget_type=\"text-editor.default\">\n\t\t\t\t<div class=\"elementor-widget-container\">\n\t\t\t\t\t\t\t\t\t<p>Our goal is to become the leading reference in the equine world, excelling in the breeding, training and sale of high quality horses. We strive to set exceptional standards in equine welfare and customer satisfaction, contributing to the sustainable development of the industry. Our vision is to create lasting partnerships, providing exceptional equine companions that excel in performance, temperament and beauty.<\/p>\t\t\t\t\t\t\t\t<\/div>\n\t\t\t\t<\/div>\n\t\t\t\t<\/div>\n\t\t<div class=\"elementor-element elementor-element-a113b70 e-con-full e-flex e-con e-child\" data-id=\"a113b70\" data-element_type=\"container\">\n\t\t\t\t<div class=\"elementor-element elementor-element-71aa277 elementor-invisible elementor-widget elementor-widget-heading\" data-id=\"71aa277\" data-element_type=\"widget\" data-settings=\"{&quot;_animation&quot;:&quot;fadeIn&quot;}\" data-widget_type=\"heading.default\">\n\t\t\t\t<div class=\"elementor-widget-container\">\n\t\t\t\t\t<h1 class=\"elementor-heading-title elementor-size-default\">Mission<\/h1>\t\t\t\t<\/div>\n\t\t\t\t<\/div>\n\t\t\t\t<div class=\"elementor-element elementor-element-db63b01 elementor-invisible elementor-widget elementor-widget-text-editor\" data-id=\"db63b01\" data-element_type=\"widget\" data-settings=\"{&quot;_animation&quot;:&quot;fadeIn&quot;,&quot;_animation_delay&quot;:200}\" data-widget_type=\"text-editor.default\">\n\t\t\t\t<div class=\"elementor-widget-container\">\n\t\t\t\t\t\t\t\t\t<p>We are passionate about providing top quality horses that meet exacting standards of health, temperament and performance. We provide a comprehensive service, from careful selection of bloodlines to expert training, promoting ethical practices and educating our clients to have harmonious relationships with their horses. We value transparency, integrity and customer satisfaction, continually adapting to the needs of the equine market.<\/p>\t\t\t\t\t\t\t\t<\/div>\n\t\t\t\t<\/div>\n\t\t\t\t<\/div>\n\t\t\t\t<\/div>\n\t\t\t\t<\/div>","protected":false},"excerpt":{"rendered":"<p>ABOUT US https:\/\/deluxehorsemarket.com\/wp-content\/uploads\/2023\/11\/caballos-ejemplares-hourse-4.mp4 Deluxe Horse Market We are passionate about the connection between humans and horses. Specializing in the breeding, training and sale of exceptional horses, we offer high quality equines recognized for their beauty, temperament and abilities. We create lasting relationships by understanding the unique needs of each rider. Our state-of-the-art equine center ensures the well-being of our [...]<\/p>","protected":false},"author":1,"featured_media":0,"parent":0,"menu_order":0,"comment_status":"closed","ping_status":"closed","template":"home-template.php","meta":{"footnotes":""},"class_list":["post-729","page","type-page","status-publish","hentry"],"yoast_head":"<!-- This site is optimized with the Yoast SEO Premium plugin v23.3 (Yoast SEO v24.8.1) - https:\/\/yoast.com\/wordpress\/plugins\/seo\/ -->\n<title>Nosotros - Deluxe Horse Market<\/title>\n<meta name=\"robots\" content=\"index, follow, max-snippet:-1, max-image-preview:large, max-video-preview:-1\" \/>\n<link rel=\"canonical\" href=\"https:\/\/deluxehorsemarket.com\/en\/about-us\/\" \/>\n<meta property=\"og:locale\" content=\"en_US\" \/>\n<meta property=\"og:type\" content=\"article\" \/>\n<meta property=\"og:title\" content=\"Nosotros\" \/>\n<meta property=\"og:description\" content=\"NOSOTROS NOSOTROS https:\/\/deluxehorsemarket.com\/wp-content\/uploads\/2023\/11\/caballos-ejemplares-hourse-4.mp4 Deluxe Horse Market Nos apasiona la conexi\u00f3n entre humanos y caballos. Especializados en la cr\u00eda, entrenamiento y venta de caballos excepcionales, ofrecemos equinos de alta calidad reconocidos por su belleza, temperamento y habilidades. Creamos relaciones duraderas, entendiendo las necesidades \u00fanicas de cada jinete. Nuestro centro equino de \u00faltima generaci\u00f3n asegura el bienestar [&hellip;]\" \/>\n<meta property=\"og:url\" content=\"https:\/\/deluxehorsemarket.com\/en\/about-us\/\" \/>\n<meta property=\"og:site_name\" content=\"Deluxe Horse Market\" \/>\n<meta property=\"article:modified_time\" content=\"2024-08-29T22:18:47+00:00\" \/>\n<meta name=\"twitter:card\" content=\"summary_large_image\" \/>\n<meta name=\"twitter:label1\" content=\"Est. reading time\" \/>\n\t<meta name=\"twitter:data1\" content=\"1 minute\" \/>\n<script type=\"application\/ld+json\" class=\"yoast-schema-graph\">{\"@context\":\"https:\/\/schema.org\",\"@graph\":[{\"@type\":\"WebPage\",\"@id\":\"https:\/\/deluxehorsemarket.com\/about-us\/\",\"url\":\"https:\/\/deluxehorsemarket.com\/about-us\/\",\"name\":\"Nosotros - Deluxe Horse Market\",\"isPartOf\":{\"@id\":\"https:\/\/deluxehorsemarket.com\/#website\"},\"datePublished\":\"2023-11-21T20:54:46+00:00\",\"dateModified\":\"2024-08-29T22:18:47+00:00\",\"breadcrumb\":{\"@id\":\"https:\/\/deluxehorsemarket.com\/about-us\/#breadcrumb\"},\"inLanguage\":\"en-US\",\"potentialAction\":[{\"@type\":\"ReadAction\",\"target\":[\"https:\/\/deluxehorsemarket.com\/about-us\/\"]}]},{\"@type\":\"BreadcrumbList\",\"@id\":\"https:\/\/deluxehorsemarket.com\/about-us\/#breadcrumb\",\"itemListElement\":[{\"@type\":\"ListItem\",\"position\":1,\"name\":\"Inicio\",\"item\":\"http:\/\/deluxehorsemarket.com\/\"},{\"@type\":\"ListItem\",\"position\":2,\"name\":\"Nosotros\"}]},{\"@type\":\"WebSite\",\"@id\":\"https:\/\/deluxehorsemarket.com\/#website\",\"url\":\"https:\/\/deluxehorsemarket.com\/\",\"name\":\"Deluxe Horse Market\",\"description\":\"\",\"publisher\":{\"@id\":\"https:\/\/deluxehorsemarket.com\/#organization\"},\"potentialAction\":[{\"@type\":\"SearchAction\",\"target\":{\"@type\":\"EntryPoint\",\"urlTemplate\":\"https:\/\/deluxehorsemarket.com\/?s={search_term_string}\"},\"query-input\":{\"@type\":\"PropertyValueSpecification\",\"valueRequired\":true,\"valueName\":\"search_term_string\"}}],\"inLanguage\":\"en-US\"},{\"@type\":\"Organization\",\"@id\":\"https:\/\/deluxehorsemarket.com\/#organization\",\"name\":\"Deluxe Horse Market\",\"url\":\"https:\/\/deluxehorsemarket.com\/\",\"logo\":{\"@type\":\"ImageObject\",\"inLanguage\":\"en-US\",\"@id\":\"https:\/\/deluxehorsemarket.com\/#\/schema\/logo\/image\/\",\"url\":\"https:\/\/deluxehorsemarket.com\/wp-content\/uploads\/2023\/11\/cropped-DELUXE-HORSE-MARKET-LOGO-150-x-80PX-1.png\",\"contentUrl\":\"https:\/\/deluxehorsemarket.com\/wp-content\/uploads\/2023\/11\/cropped-DELUXE-HORSE-MARKET-LOGO-150-x-80PX-1.png\",\"width\":503,\"height\":206,\"caption\":\"Deluxe Horse Market\"},\"image\":{\"@id\":\"https:\/\/deluxehorsemarket.com\/#\/schema\/logo\/image\/\"}}]}<\/script>\n<!-- \/ Yoast SEO Premium plugin. -->","yoast_head_json":{"title":"Nosotros - Deluxe Horse Market","robots":{"index":"index","follow":"follow","max-snippet":"max-snippet:-1","max-image-preview":"max-image-preview:large","max-video-preview":"max-video-preview:-1"},"canonical":"https:\/\/deluxehorsemarket.com\/en\/about-us\/","og_locale":"en_US","og_type":"article","og_title":"Nosotros","og_description":"NOSOTROS NOSOTROS https:\/\/deluxehorsemarket.com\/wp-content\/uploads\/2023\/11\/caballos-ejemplares-hourse-4.mp4 Deluxe Horse Market Nos apasiona la conexi\u00f3n entre humanos y caballos. Especializados en la cr\u00eda, entrenamiento y venta de caballos excepcionales, ofrecemos equinos de alta calidad reconocidos por su belleza, temperamento y habilidades. Creamos relaciones duraderas, entendiendo las necesidades \u00fanicas de cada jinete. Nuestro centro equino de \u00faltima generaci\u00f3n asegura el bienestar [&hellip;]","og_url":"https:\/\/deluxehorsemarket.com\/en\/about-us\/","og_site_name":"Deluxe Horse Market","article_modified_time":"2024-08-29T22:18:47+00:00","twitter_card":"summary_large_image","twitter_misc":{"Est. reading time":"1 minute"},"schema":{"@context":"https:\/\/schema.org","@graph":[{"@type":"WebPage","@id":"https:\/\/deluxehorsemarket.com\/about-us\/","url":"https:\/\/deluxehorsemarket.com\/about-us\/","name":"Nosotros - Deluxe Horse Market","isPartOf":{"@id":"https:\/\/deluxehorsemarket.com\/#website"},"datePublished":"2023-11-21T20:54:46+00:00","dateModified":"2024-08-29T22:18:47+00:00","breadcrumb":{"@id":"https:\/\/deluxehorsemarket.com\/about-us\/#breadcrumb"},"inLanguage":"en-US","potentialAction":[{"@type":"ReadAction","target":["https:\/\/deluxehorsemarket.com\/about-us\/"]}]},{"@type":"BreadcrumbList","@id":"https:\/\/deluxehorsemarket.com\/about-us\/#breadcrumb","itemListElement":[{"@type":"ListItem","position":1,"name":"Inicio","item":"http:\/\/deluxehorsemarket.com\/"},{"@type":"ListItem","position":2,"name":"Nosotros"}]},{"@type":"WebSite","@id":"https:\/\/deluxehorsemarket.com\/#website","url":"https:\/\/deluxehorsemarket.com\/","name":"Deluxe Horse Market","description":"","publisher":{"@id":"https:\/\/deluxehorsemarket.com\/#organization"},"potentialAction":[{"@type":"SearchAction","target":{"@type":"EntryPoint","urlTemplate":"https:\/\/deluxehorsemarket.com\/?s={search_term_string}"},"query-input":{"@type":"PropertyValueSpecification","valueRequired":true,"valueName":"search_term_string"}}],"inLanguage":"en-US"},{"@type":"Organization","@id":"https:\/\/deluxehorsemarket.com\/#organization","name":"Deluxe Horse Market","url":"https:\/\/deluxehorsemarket.com\/","logo":{"@type":"ImageObject","inLanguage":"en-US","@id":"https:\/\/deluxehorsemarket.com\/#\/schema\/logo\/image\/","url":"https:\/\/deluxehorsemarket.com\/wp-content\/uploads\/2023\/11\/cropped-DELUXE-HORSE-MARKET-LOGO-150-x-80PX-1.png","contentUrl":"https:\/\/deluxehorsemarket.com\/wp-content\/uploads\/2023\/11\/cropped-DELUXE-HORSE-MARKET-LOGO-150-x-80PX-1.png","width":503,"height":206,"caption":"Deluxe Horse Market"},"image":{"@id":"https:\/\/deluxehorsemarket.com\/#\/schema\/logo\/image\/"}}]}},"_links":{"self":[{"href":"https:\/\/deluxehorsemarket.com\/en\/wp-json\/wp\/v2\/pages\/729","targetHints":{"allow":["GET"]}}],"collection":[{"href":"https:\/\/deluxehorsemarket.com\/en\/wp-json\/wp\/v2\/pages"}],"about":[{"href":"https:\/\/deluxehorsemarket.com\/en\/wp-json\/wp\/v2\/types\/page"}],"author":[{"embeddable":true,"href":"https:\/\/deluxehorsemarket.com\/en\/wp-json\/wp\/v2\/users\/1"}],"replies":[{"embeddable":true,"href":"https:\/\/deluxehorsemarket.com\/en\/wp-json\/wp\/v2\/comments?post=729"}],"version-history":[{"count":71,"href":"https:\/\/deluxehorsemarket.com\/en\/wp-json\/wp\/v2\/pages\/729\/revisions"}],"predecessor-version":[{"id":2175,"href":"https:\/\/deluxehorsemarket.com\/en\/wp-json\/wp\/v2\/pages\/729\/revisions\/2175"}],"wp:attachment":[{"href":"https:\/\/deluxehorsemarket.com\/en\/wp-json\/wp\/v2\/media?parent=729"}],"curies":[{"name":"wp","href":"https:\/\/api.w.org\/{rel}","templated":true}]}}