{"id":2323,"date":"2024-09-27T17:51:46","date_gmt":"2024-09-27T17:51:46","guid":{"rendered":"https:\/\/deluxehorsemarket.com\/?post_type=product&#038;p=2323"},"modified":"2024-09-27T17:51:46","modified_gmt":"2024-09-27T17:51:46","slug":"sujetadores-para-caballos","status":"publish","type":"product","link":"https:\/\/deluxehorsemarket.com\/en\/product\/sujetadores-para-caballos\/","title":{"rendered":"Horse restraints"},"content":{"rendered":"<p>Horse restraints, also known as bridles or harnesses, are equipment designed to control and guide the horse. They consist of a series of straps, usually made of leather or synthetic materials, that are placed around the horse's head, allowing the rider or handler to direct its movements.<\/p>","protected":false},"excerpt":{"rendered":"<p>Horse restraints, also known as bridles or harnesses, are equipment designed to control and guide the horse. They consist of a series of straps, usually made of leather or synthetic materials, that are placed around the horse's head, allowing the rider or handler to direct its movements.<\/p>","protected":false},"featured_media":2325,"comment_status":"open","ping_status":"closed","template":"","meta":[],"product_brand":[],"product_cat":[75,45],"product_tag":[],"class_list":{"0":"post-2323","1":"product","2":"type-product","3":"status-publish","4":"has-post-thumbnail","6":"product_cat-accesorios-equipamiento-para-caballo","7":"product_cat-equipamiento-para-caballo","9":"first","10":"instock","11":"shipping-taxable","12":"purchasable","13":"product-type-simple"},"yoast_head":"<!-- This site is optimized with the Yoast SEO Premium plugin v23.3 (Yoast SEO v24.8.1) - https:\/\/yoast.com\/wordpress\/plugins\/seo\/ -->\n<title>Sujetadores para Caballos - Deluxe Horse Market<\/title>\n<meta name=\"robots\" content=\"index, follow, max-snippet:-1, max-image-preview:large, max-video-preview:-1\" \/>\n<link rel=\"canonical\" href=\"http:\/\/deluxehorsemarket.com\/en\/product\/sujetadores-para-caballos\/\" \/>\n<meta property=\"og:locale\" content=\"en_US\" \/>\n<meta property=\"og:type\" content=\"article\" \/>\n<meta property=\"og:title\" content=\"Sujetadores para Caballos\" \/>\n<meta property=\"og:description\" content=\"Los sujetadores para caballos, tambi\u00e9n conocidos como cabezadas o arneses de sujeci\u00f3n, son equipos dise\u00f1ados para controlar y guiar al caballo. Consisten en una serie de correas, generalmente de cuero o materiales sint\u00e9ticos, que se colocan alrededor de la cabeza del caballo, permitiendo al jinete o cuidador dirigir sus movimientos.\" \/>\n<meta property=\"og:url\" content=\"http:\/\/deluxehorsemarket.com\/en\/product\/sujetadores-para-caballos\/\" \/>\n<meta property=\"og:site_name\" content=\"Deluxe Horse Market\" \/>\n<meta property=\"og:image\" content=\"http:\/\/deluxehorsemarket.com\/wp-content\/uploads\/2024\/09\/Sujetadores-1.jpeg\" \/>\n\t<meta property=\"og:image:width\" content=\"1600\" \/>\n\t<meta property=\"og:image:height\" content=\"1200\" \/>\n\t<meta property=\"og:image:type\" content=\"image\/jpeg\" \/>\n<meta name=\"twitter:card\" content=\"summary_large_image\" \/>\n<script type=\"application\/ld+json\" class=\"yoast-schema-graph\">{\"@context\":\"https:\/\/schema.org\",\"@graph\":[{\"@type\":\"WebPage\",\"@id\":\"http:\/\/deluxehorsemarket.com\/en\/product\/sujetadores-para-caballos\/\",\"url\":\"http:\/\/deluxehorsemarket.com\/en\/product\/sujetadores-para-caballos\/\",\"name\":\"Sujetadores para Caballos - Deluxe Horse Market\",\"isPartOf\":{\"@id\":\"https:\/\/deluxehorsemarket.com\/#website\"},\"primaryImageOfPage\":{\"@id\":\"http:\/\/deluxehorsemarket.com\/en\/product\/sujetadores-para-caballos\/#primaryimage\"},\"image\":{\"@id\":\"http:\/\/deluxehorsemarket.com\/en\/product\/sujetadores-para-caballos\/#primaryimage\"},\"thumbnailUrl\":\"https:\/\/deluxehorsemarket.com\/wp-content\/uploads\/2024\/09\/Sujetadores-1.jpeg\",\"datePublished\":\"2024-09-27T17:51:46+00:00\",\"breadcrumb\":{\"@id\":\"http:\/\/deluxehorsemarket.com\/en\/product\/sujetadores-para-caballos\/#breadcrumb\"},\"inLanguage\":\"en-US\",\"potentialAction\":[{\"@type\":\"ReadAction\",\"target\":[\"http:\/\/deluxehorsemarket.com\/en\/product\/sujetadores-para-caballos\/\"]}]},{\"@type\":\"ImageObject\",\"inLanguage\":\"en-US\",\"@id\":\"http:\/\/deluxehorsemarket.com\/en\/product\/sujetadores-para-caballos\/#primaryimage\",\"url\":\"https:\/\/deluxehorsemarket.com\/wp-content\/uploads\/2024\/09\/Sujetadores-1.jpeg\",\"contentUrl\":\"https:\/\/deluxehorsemarket.com\/wp-content\/uploads\/2024\/09\/Sujetadores-1.jpeg\",\"width\":1600,\"height\":1200},{\"@type\":\"BreadcrumbList\",\"@id\":\"http:\/\/deluxehorsemarket.com\/en\/product\/sujetadores-para-caballos\/#breadcrumb\",\"itemListElement\":[{\"@type\":\"ListItem\",\"position\":1,\"name\":\"Inicio\",\"item\":\"http:\/\/deluxehorsemarket.com\/\"},{\"@type\":\"ListItem\",\"position\":2,\"name\":\"Productos\",\"item\":\"http:\/\/deluxehorsemarket.com\/shop\/\"},{\"@type\":\"ListItem\",\"position\":3,\"name\":\"Sujetadores para Caballos\"}]},{\"@type\":\"WebSite\",\"@id\":\"https:\/\/deluxehorsemarket.com\/#website\",\"url\":\"https:\/\/deluxehorsemarket.com\/\",\"name\":\"Deluxe Horse Market\",\"description\":\"\",\"publisher\":{\"@id\":\"https:\/\/deluxehorsemarket.com\/#organization\"},\"potentialAction\":[{\"@type\":\"SearchAction\",\"target\":{\"@type\":\"EntryPoint\",\"urlTemplate\":\"https:\/\/deluxehorsemarket.com\/?s={search_term_string}\"},\"query-input\":{\"@type\":\"PropertyValueSpecification\",\"valueRequired\":true,\"valueName\":\"search_term_string\"}}],\"inLanguage\":\"en-US\"},{\"@type\":\"Organization\",\"@id\":\"https:\/\/deluxehorsemarket.com\/#organization\",\"name\":\"Deluxe Horse Market\",\"url\":\"https:\/\/deluxehorsemarket.com\/\",\"logo\":{\"@type\":\"ImageObject\",\"inLanguage\":\"en-US\",\"@id\":\"https:\/\/deluxehorsemarket.com\/#\/schema\/logo\/image\/\",\"url\":\"https:\/\/deluxehorsemarket.com\/wp-content\/uploads\/2023\/11\/cropped-DELUXE-HORSE-MARKET-LOGO-150-x-80PX-1.png\",\"contentUrl\":\"https:\/\/deluxehorsemarket.com\/wp-content\/uploads\/2023\/11\/cropped-DELUXE-HORSE-MARKET-LOGO-150-x-80PX-1.png\",\"width\":503,\"height\":206,\"caption\":\"Deluxe Horse Market\"},\"image\":{\"@id\":\"https:\/\/deluxehorsemarket.com\/#\/schema\/logo\/image\/\"}}]}<\/script>\n<!-- \/ Yoast SEO Premium plugin. -->","yoast_head_json":{"title":"Sujetadores para Caballos - Deluxe Horse Market","robots":{"index":"index","follow":"follow","max-snippet":"max-snippet:-1","max-image-preview":"max-image-preview:large","max-video-preview":"max-video-preview:-1"},"canonical":"http:\/\/deluxehorsemarket.com\/en\/product\/sujetadores-para-caballos\/","og_locale":"en_US","og_type":"article","og_title":"Sujetadores para Caballos","og_description":"Los sujetadores para caballos, tambi\u00e9n conocidos como cabezadas o arneses de sujeci\u00f3n, son equipos dise\u00f1ados para controlar y guiar al caballo. Consisten en una serie de correas, generalmente de cuero o materiales sint\u00e9ticos, que se colocan alrededor de la cabeza del caballo, permitiendo al jinete o cuidador dirigir sus movimientos.","og_url":"http:\/\/deluxehorsemarket.com\/en\/product\/sujetadores-para-caballos\/","og_site_name":"Deluxe Horse Market","og_image":[{"width":1600,"height":1200,"url":"http:\/\/deluxehorsemarket.com\/wp-content\/uploads\/2024\/09\/Sujetadores-1.jpeg","type":"image\/jpeg"}],"twitter_card":"summary_large_image","schema":{"@context":"https:\/\/schema.org","@graph":[{"@type":"WebPage","@id":"http:\/\/deluxehorsemarket.com\/en\/product\/sujetadores-para-caballos\/","url":"http:\/\/deluxehorsemarket.com\/en\/product\/sujetadores-para-caballos\/","name":"Sujetadores para Caballos - Deluxe Horse Market","isPartOf":{"@id":"https:\/\/deluxehorsemarket.com\/#website"},"primaryImageOfPage":{"@id":"http:\/\/deluxehorsemarket.com\/en\/product\/sujetadores-para-caballos\/#primaryimage"},"image":{"@id":"http:\/\/deluxehorsemarket.com\/en\/product\/sujetadores-para-caballos\/#primaryimage"},"thumbnailUrl":"https:\/\/deluxehorsemarket.com\/wp-content\/uploads\/2024\/09\/Sujetadores-1.jpeg","datePublished":"2024-09-27T17:51:46+00:00","breadcrumb":{"@id":"http:\/\/deluxehorsemarket.com\/en\/product\/sujetadores-para-caballos\/#breadcrumb"},"inLanguage":"en-US","potentialAction":[{"@type":"ReadAction","target":["http:\/\/deluxehorsemarket.com\/en\/product\/sujetadores-para-caballos\/"]}]},{"@type":"ImageObject","inLanguage":"en-US","@id":"http:\/\/deluxehorsemarket.com\/en\/product\/sujetadores-para-caballos\/#primaryimage","url":"https:\/\/deluxehorsemarket.com\/wp-content\/uploads\/2024\/09\/Sujetadores-1.jpeg","contentUrl":"https:\/\/deluxehorsemarket.com\/wp-content\/uploads\/2024\/09\/Sujetadores-1.jpeg","width":1600,"height":1200},{"@type":"BreadcrumbList","@id":"http:\/\/deluxehorsemarket.com\/en\/product\/sujetadores-para-caballos\/#breadcrumb","itemListElement":[{"@type":"ListItem","position":1,"name":"Inicio","item":"http:\/\/deluxehorsemarket.com\/"},{"@type":"ListItem","position":2,"name":"Productos","item":"http:\/\/deluxehorsemarket.com\/shop\/"},{"@type":"ListItem","position":3,"name":"Sujetadores para Caballos"}]},{"@type":"WebSite","@id":"https:\/\/deluxehorsemarket.com\/#website","url":"https:\/\/deluxehorsemarket.com\/","name":"Deluxe Horse Market","description":"","publisher":{"@id":"https:\/\/deluxehorsemarket.com\/#organization"},"potentialAction":[{"@type":"SearchAction","target":{"@type":"EntryPoint","urlTemplate":"https:\/\/deluxehorsemarket.com\/?s={search_term_string}"},"query-input":{"@type":"PropertyValueSpecification","valueRequired":true,"valueName":"search_term_string"}}],"inLanguage":"en-US"},{"@type":"Organization","@id":"https:\/\/deluxehorsemarket.com\/#organization","name":"Deluxe Horse Market","url":"https:\/\/deluxehorsemarket.com\/","logo":{"@type":"ImageObject","inLanguage":"en-US","@id":"https:\/\/deluxehorsemarket.com\/#\/schema\/logo\/image\/","url":"https:\/\/deluxehorsemarket.com\/wp-content\/uploads\/2023\/11\/cropped-DELUXE-HORSE-MARKET-LOGO-150-x-80PX-1.png","contentUrl":"https:\/\/deluxehorsemarket.com\/wp-content\/uploads\/2023\/11\/cropped-DELUXE-HORSE-MARKET-LOGO-150-x-80PX-1.png","width":503,"height":206,"caption":"Deluxe Horse Market"},"image":{"@id":"https:\/\/deluxehorsemarket.com\/#\/schema\/logo\/image\/"}}]}},"_links":{"self":[{"href":"https:\/\/deluxehorsemarket.com\/en\/wp-json\/wp\/v2\/product\/2323","targetHints":{"allow":["GET"]}}],"collection":[{"href":"https:\/\/deluxehorsemarket.com\/en\/wp-json\/wp\/v2\/product"}],"about":[{"href":"https:\/\/deluxehorsemarket.com\/en\/wp-json\/wp\/v2\/types\/product"}],"replies":[{"embeddable":true,"href":"https:\/\/deluxehorsemarket.com\/en\/wp-json\/wp\/v2\/comments?post=2323"}],"wp:featuredmedia":[{"embeddable":true,"href":"https:\/\/deluxehorsemarket.com\/en\/wp-json\/wp\/v2\/media\/2325"}],"wp:attachment":[{"href":"https:\/\/deluxehorsemarket.com\/en\/wp-json\/wp\/v2\/media?parent=2323"}],"wp:term":[{"taxonomy":"product_brand","embeddable":true,"href":"https:\/\/deluxehorsemarket.com\/en\/wp-json\/wp\/v2\/product_brand?post=2323"},{"taxonomy":"product_cat","embeddable":true,"href":"https:\/\/deluxehorsemarket.com\/en\/wp-json\/wp\/v2\/product_cat?post=2323"},{"taxonomy":"product_tag","embeddable":true,"href":"https:\/\/deluxehorsemarket.com\/en\/wp-json\/wp\/v2\/product_tag?post=2323"}],"curies":[{"name":"wp","href":"https:\/\/api.w.org\/{rel}","templated":true}]}}